{"id":896,"date":"2021-10-23T19:52:22","date_gmt":"2021-10-23T18:52:22","guid":{"rendered":"https:\/\/12stars-web.azurewebsites.net\/?page_id=896"},"modified":"2025-04-23T07:57:29","modified_gmt":"2025-04-23T05:57:29","slug":"juniors","status":"publish","type":"page","link":"https:\/\/12starscricketclub.com\/nl\/juniors\/","title":{"rendered":"Juniors"},"content":{"rendered":"\n<p>Juniors Sessies (Trainingen + Wedstrijden)<\/p>\n\n\n\n<!-- EventON Calendar --><div id='evcal_calendar_411' class='ajde_evcal_calendar boxy color tbg0 boxstyle0 box_4 etttc_custom ajax_loading_cal' data-cal=''><div id='evcal_head' class='calendar_header evcal_nosort' ><div class='evo_cal_above evodfx evofx_dr_r marb5 evofx_ww'><span class='cal_head_btn evo-gototoday-btn' style='' data-mo='4' data-yr='2026' data-dy=''>Current Month<\/span><\/div><div class='evo_cal_above_content'><\/div><div class='evo_header_title '><div class='evo_header_mo evodfx evofx_ai_c'><div class='evo_loading_bar_holder h100 noMinH swipe' style=''><div class='evo_loading_bar wid_80% hi_40px' style='width:80%; height:40px; '><\/div><\/div><\/div><\/div><\/div><div class='evo_filter_bar evo_main_filter_bar eventon_sorting_section vis'><div class='evo_filter_container evodfx evo_fx_ai_c'><div class='evo_filter_container_in'><div class='eventon_filter_line' ><div class='evo_loading_bar_holder h100 loading_filters swipe' style='min-height:30px;'><div class='nesthold r g10'><div class='evo_loading_bar wid_100% hi_30px' style='width:100%; height:30px; margin-bottom:1px;'><\/div><div class='evo_loading_bar wid_100% hi_30px' style='width:100%; height:30px; margin-bottom:1px;'><\/div><div class='evo_loading_bar wid_100% hi_30px' style='width:100%; height:30px; margin-bottom:1px;'><\/div><div class='evo_loading_bar wid_100% hi_30px' style='width:100%; height:30px; margin-bottom:1px;'><\/div><div class='evo_loading_bar wid_100% hi_30px' style='width:100%; height:30px; margin-bottom:1px;'><\/div><\/div><\/div><\/div><\/div><div class='evo_filter_nav evo_filter_l'><i class='fa fa-chevron-left'><\/i><\/div><div class='evo_filter_nav evo_filter_r'><i class='fa fa-chevron-right'><\/i><\/div><\/div><div class='evo_filter_aply_btns'><\/div><div class='evo_filter_menu'><\/div><\/div><div id='eventon_loadbar_section'><div id='eventon_loadbar'><\/div><\/div><!-- Events List --><div class='evo_events_list_box'><div id='evcal_list' class='eventon_events_list '><div class='evo_loading_bar_holder h100 loading_e_tile swipe' style=''><div class='nest nest1 e'><div class='nesthold  g'><div class='evo_loading_bar wid_50% hi_55px' style='width:50%; height:55px; '><\/div><div class='evo_loading_bar wid_90% hi_30px' style='width:90%; height:30px; '><\/div><div class='evo_loading_bar wid_90% hi_30px' style='width:90%; height:30px; '><\/div><\/div><\/div><div class='nest nest1 e'><div class='nesthold  g'><div class='evo_loading_bar wid_50% hi_55px' style='width:50%; height:55px; '><\/div><div class='evo_loading_bar wid_90% hi_30px' style='width:90%; height:30px; '><\/div><div class='evo_loading_bar wid_90% hi_30px' style='width:90%; height:30px; '><\/div><\/div><\/div><div class='nest nest1 e'><div class='nesthold  g'><div class='evo_loading_bar wid_50% hi_55px' style='width:50%; height:55px; '><\/div><div class='evo_loading_bar wid_90% hi_30px' style='width:90%; height:30px; '><\/div><div class='evo_loading_bar wid_90% hi_30px' style='width:90%; height:30px; '><\/div><\/div><\/div><div class='nest nest1 e'><div class='nesthold  g'><div class='evo_loading_bar wid_50% hi_55px' style='width:50%; height:55px; '><\/div><div class='evo_loading_bar wid_90% hi_30px' style='width:90%; height:30px; '><\/div><div class='evo_loading_bar wid_90% hi_30px' style='width:90%; height:30px; '><\/div><\/div><\/div><div class='nest nest1 e'><div class='nesthold  g'><div class='evo_loading_bar wid_50% hi_55px' style='width:50%; height:55px; '><\/div><div class='evo_loading_bar wid_90% hi_30px' style='width:90%; height:30px; '><\/div><div class='evo_loading_bar wid_90% hi_30px' style='width:90%; height:30px; '><\/div><\/div><\/div><div class='nest nest1 e'><div class='nesthold  g'><div class='evo_loading_bar wid_50% hi_55px' style='width:50%; height:55px; '><\/div><div class='evo_loading_bar wid_90% hi_30px' style='width:90%; height:30px; '><\/div><div class='evo_loading_bar wid_90% hi_30px' style='width:90%; height:30px; '><\/div><\/div><\/div><\/div>\t\t\t<\/div>\r\n\t\t\t<\/div><!-- evo_events_list_box -->\t\r\n\t\t\t<div class='clear'><\/div>\r\n\t\t\t\t\t \t<div id='evcal_footer' class='evo_bottom' style='display:none'>\r\n\t\t \t\t<div class='evo_cal_data' data-sc=\"{&quot;accord&quot;:&quot;no&quot;,&quot;bottom_nav&quot;:&quot;no&quot;,&quot;cal_id&quot;:&quot;&quot;,&quot;cal_init_nonajax&quot;:&quot;no&quot;,&quot;calendar_type&quot;:&quot;default&quot;,&quot;ep_fields&quot;:&quot;&quot;,&quot;etc_override&quot;:&quot;yes&quot;,&quot;evc_open&quot;:&quot;no&quot;,&quot;event_count&quot;:0,&quot;event_location&quot;:&quot;all&quot;,&quot;event_order&quot;:&quot;ASC&quot;,&quot;event_organizer&quot;:&quot;all&quot;,&quot;event_parts&quot;:&quot;no&quot;,&quot;event_past_future&quot;:&quot;all&quot;,&quot;event_status&quot;:&quot;all&quot;,&quot;event_tag&quot;:&quot;all&quot;,&quot;event_type&quot;:&quot;94&quot;,&quot;event_type_2&quot;:&quot;all&quot;,&quot;event_type_3&quot;:&quot;all&quot;,&quot;event_virtual&quot;:&quot;all&quot;,&quot;eventtop_date_style&quot;:0,&quot;eventtop_style&quot;:&quot;2&quot;,&quot;exp_jumper&quot;:&quot;no&quot;,&quot;exp_so&quot;:&quot;yes&quot;,&quot;filter_relationship&quot;:&quot;AND&quot;,&quot;filter_show_set_only&quot;:&quot;no&quot;,&quot;filter_style&quot;:&quot;default&quot;,&quot;filter_type&quot;:&quot;default&quot;,&quot;filters&quot;:&quot;yes&quot;,&quot;fixed_month&quot;:&quot;4&quot;,&quot;fixed_year&quot;:&quot;2026&quot;,&quot;focus_end_date_range&quot;:&quot;1777586399&quot;,&quot;focus_start_date_range&quot;:&quot;1774994400&quot;,&quot;ft_event_priority&quot;:&quot;no&quot;,&quot;hide_arrows&quot;:&quot;no&quot;,&quot;hide_cancels&quot;:&quot;no&quot;,&quot;hide_empty_months&quot;:&quot;no&quot;,&quot;hide_end_time&quot;:&quot;no&quot;,&quot;hide_et_dn&quot;:&quot;no&quot;,&quot;hide_et_extra&quot;:&quot;no&quot;,&quot;hide_et_tags&quot;:&quot;no&quot;,&quot;hide_et_tl&quot;:&quot;no&quot;,&quot;hide_ft&quot;:&quot;no&quot;,&quot;hide_ft_img&quot;:&quot;no&quot;,&quot;hide_month_headers&quot;:&quot;no&quot;,&quot;hide_mult_occur&quot;:&quot;no&quot;,&quot;hide_past&quot;:&quot;no&quot;,&quot;hide_past_by&quot;:&quot;ee&quot;,&quot;hide_so&quot;:&quot;no&quot;,&quot;ics&quot;:&quot;no&quot;,&quot;jumper&quot;:&quot;no&quot;,&quot;jumper_count&quot;:5,&quot;jumper_offset&quot;:&quot;0&quot;,&quot;lang&quot;:&quot;L1&quot;,&quot;layout_changer&quot;:&quot;no&quot;,&quot;livenow_bar&quot;:&quot;yes&quot;,&quot;mapformat&quot;:&quot;roadmap&quot;,&quot;mapiconurl&quot;:&quot;&quot;,&quot;maps_load&quot;:&quot;yes&quot;,&quot;mapscroll&quot;:&quot;false&quot;,&quot;mapzoom&quot;:&quot;16&quot;,&quot;members_only&quot;:&quot;no&quot;,&quot;ml_priority&quot;:&quot;no&quot;,&quot;ml_toend&quot;:&quot;no&quot;,&quot;month_incre&quot;:0,&quot;number_of_months&quot;:&quot;1&quot;,&quot;only_ft&quot;:&quot;no&quot;,&quot;pec&quot;:&quot;&quot;,&quot;s&quot;:&quot;&quot;,&quot;search&quot;:&quot;&quot;,&quot;search_all&quot;:&quot;no&quot;,&quot;sep_month&quot;:&quot;no&quot;,&quot;show_et_ft_img&quot;:&quot;no&quot;,&quot;show_limit&quot;:&quot;no&quot;,&quot;show_limit_ajax&quot;:&quot;no&quot;,&quot;show_limit_paged&quot;:1,&quot;show_limit_redir&quot;:&quot;&quot;,&quot;show_repeats&quot;:&quot;no&quot;,&quot;show_search&quot;:&quot;no&quot;,&quot;show_upcoming&quot;:0,&quot;show_year&quot;:&quot;no&quot;,&quot;social_share&quot;:&quot;no&quot;,&quot;sort_by&quot;:&quot;sort_date&quot;,&quot;tile_bg&quot;:0,&quot;tile_bg_size&quot;:&quot;full&quot;,&quot;tile_count&quot;:&quot;4&quot;,&quot;tile_height&quot;:0,&quot;tile_style&quot;:0,&quot;tiles&quot;:&quot;yes&quot;,&quot;ux_val&quot;:&quot;0&quot;,&quot;view_switcher&quot;:&quot;no&quot;,&quot;wpml_l1&quot;:&quot;&quot;,&quot;wpml_l2&quot;:&quot;&quot;,&quot;wpml_l3&quot;:&quot;&quot;,&quot;yl_priority&quot;:&quot;no&quot;,&quot;yl_toend&quot;:&quot;no&quot;,&quot;fixed_day&quot;:&quot;7&quot;,&quot;_cver&quot;:&quot;4.9.5&quot;}\" data-filter_data=\"{&quot;event_type&quot;:{&quot;__name&quot;:&quot;Category&quot;,&quot;__tax&quot;:&quot;event_type&quot;,&quot;__filter_type&quot;:&quot;tax&quot;,&quot;__def_val&quot;:[94],&quot;__invals&quot;:[&quot;94&quot;],&quot;__notvals&quot;:[],&quot;__list&quot;:{&quot;all&quot;:[&quot;all&quot;,&quot;All&quot;],&quot;juniors&quot;:[94,&quot;Juniors&quot;,false,&quot;y&quot;],&quot;seniors&quot;:[95,&quot;Seniors&quot;,false,&quot;y&quot;]},&quot;nterms&quot;:[94],&quot;tterms&quot;:[94],&quot;terms&quot;:[94]},&quot;event_type_2&quot;:{&quot;__name&quot;:&quot;Type&quot;,&quot;__tax&quot;:&quot;event_type_2&quot;,&quot;__filter_type&quot;:&quot;tax&quot;,&quot;__def_val&quot;:[&quot;all&quot;],&quot;__invals&quot;:[&quot;all&quot;],&quot;__notvals&quot;:[],&quot;__list&quot;:{&quot;all&quot;:[&quot;all&quot;,&quot;All&quot;],&quot;game&quot;:[96,&quot;Game&quot;,false,&quot;y&quot;],&quot;social&quot;:[127,&quot;Social&quot;,false,&quot;y&quot;],&quot;training&quot;:[97,&quot;Training&quot;,false,&quot;y&quot;]},&quot;nterms&quot;:[&quot;all&quot;],&quot;tterms&quot;:[&quot;all&quot;],&quot;terms&quot;:[&quot;all&quot;]},&quot;event_type_3&quot;:{&quot;__name&quot;:&quot;Team&quot;,&quot;__tax&quot;:&quot;event_type_3&quot;,&quot;__filter_type&quot;:&quot;tax&quot;,&quot;__def_val&quot;:[&quot;all&quot;],&quot;__invals&quot;:[&quot;all&quot;],&quot;__notvals&quot;:[],&quot;__list&quot;:{&quot;all&quot;:[&quot;all&quot;,&quot;All&quot;],&quot;12-stas-t10&quot;:[117,&quot;12 Stars - T10&quot;,false,&quot;y&quot;],&quot;12-stars-t20&quot;:[104,&quot;12 Stars CC Hofstade T20&quot;,false,&quot;y&quot;],&quot;12-stars-1&quot;:[100,&quot;12 Stars CC Hofstade-1&quot;,false,&quot;y&quot;],&quot;12-stars-2&quot;:[101,&quot;12 Stars CC Hofstade-2&quot;,false,&quot;y&quot;],&quot;12-stars-3&quot;:[102,&quot;12 Stars CC Hofstade-3&quot;,false,&quot;y&quot;],&quot;12-stars-midweek&quot;:[139,&quot;12 Stars Midweek&quot;,false,&quot;y&quot;],&quot;12-stars-t20-team-1&quot;:[143,&quot;12Stars CC Hofstade T20 - Team 1&quot;,false,&quot;n&quot;],&quot;12-stars-t20-team-2&quot;:[142,&quot;12Stars CC Hofstade T20 - Team 2&quot;,false,&quot;n&quot;],&quot;friendly&quot;:[144,&quot;Friendly&quot;,false,&quot;y&quot;],&quot;juniors-u-11&quot;:[99,&quot;Juniors U-11&quot;,false,&quot;y&quot;],&quot;juniors-u-13&quot;:[98,&quot;Juniors U-13&quot;,false,&quot;y&quot;],&quot;juniors-u-17&quot;:[138,&quot;Juniors U-17&quot;,false,&quot;y&quot;]},&quot;nterms&quot;:[&quot;all&quot;],&quot;tterms&quot;:[&quot;all&quot;],&quot;terms&quot;:[&quot;all&quot;]},&quot;event_location&quot;:{&quot;__name&quot;:&quot;Event Location&quot;,&quot;__tax&quot;:&quot;event_location&quot;,&quot;__filter_type&quot;:&quot;tax&quot;,&quot;__def_val&quot;:[&quot;all&quot;],&quot;__invals&quot;:[&quot;all&quot;],&quot;__notvals&quot;:[],&quot;__list&quot;:{&quot;all&quot;:[&quot;all&quot;,&quot;All&quot;],&quot;aicc-cricket-ground&quot;:[108,&quot;AICC Cricket Ground&quot;,false,&quot;y&quot;],&quot;antwerp-cricket-ground&quot;:[93,&quot;Antwerp Cricket Ground&quot;,false,&quot;y&quot;],&quot;antwerpen-cricket-center&quot;:[128,&quot;Antwerpen Cricket Center&quot;,false,&quot;y&quot;],&quot;basic-fit-vub&quot;:[119,&quot;Basic-Fit VUB&quot;,false,&quot;y&quot;],&quot;beveren-cricket-ground&quot;:[107,&quot;Beveren Cricket Ground&quot;,false,&quot;y&quot;],&quot;brugge-cricket-ground&quot;:[112,&quot;Brugge Cricket Ground&quot;,false,&quot;y&quot;],&quot;genk-cricket-ground&quot;:[122,&quot;Genk Cricket Ground&quot;,false,&quot;y&quot;],&quot;gent-cricket-ground&quot;:[130,&quot;Gent Cricket Ground&quot;,false,&quot;y&quot;],&quot;ghent-cricket-ground&quot;:[111,&quot;Ghent Cricket Ground&quot;,false,&quot;y&quot;],&quot;hasselt-cricket-club&quot;:[129,&quot;Hasselt Cricket Club&quot;,false,&quot;y&quot;],&quot;hasselt-cricket-ground&quot;:[115,&quot;Hasselt Cricket Ground&quot;,false,&quot;y&quot;],&quot;kortrijk-cricket-ground&quot;:[124,&quot;Kortrijk Cricket Ground&quot;,false,&quot;y&quot;],&quot;leuven-cricket-ground&quot;:[125,&quot;Leuven Cricket Ground&quot;,false,&quot;y&quot;],&quot;luxembourg-cricket-ground&quot;:[114,&quot;Luxembourg Cricket Ground&quot;,false,&quot;y&quot;],&quot;mechelen-cricket-ground&quot;:[106,&quot;Mechelen Cricket Ground&quot;,false,&quot;y&quot;],&quot;mechelen-indoor-nets&quot;:[121,&quot;Mechelen Indoor Nets&quot;,false,&quot;y&quot;],&quot;oostend-cricket-ground&quot;:[110,&quot;Oostend Cricket Ground&quot;,false,&quot;y&quot;],&quot;rbcc&quot;:[140,&quot;RBCC&quot;,false,&quot;y&quot;],&quot;rbcc-cricket-ground&quot;:[113,&quot;RBCC Cricket Ground&quot;,false,&quot;y&quot;],&quot;salle-van-oost&quot;:[103,&quot;Salle Van Oost&quot;,false,&quot;y&quot;],&quot;stars-arena-hofstade&quot;:[126,&quot;Stars Arena Hofstade&quot;,false,&quot;y&quot;],&quot;turnhout-cricket-ground&quot;:[131,&quot;Turnhout Cricket Ground&quot;,false,&quot;y&quot;],&quot;turnout-cricket-ground&quot;:[109,&quot;Turnout Cricket Ground&quot;,false,&quot;y&quot;],&quot;wemmel-cricket-ground&quot;:[105,&quot;Wemmel Cricket Ground&quot;,false,&quot;y&quot;]},&quot;nterms&quot;:[&quot;all&quot;],&quot;tterms&quot;:[&quot;all&quot;],&quot;terms&quot;:[&quot;all&quot;]}}\" data-nav_data=\"{&quot;month_title&quot;:&quot;&lt;p id=&#039;evcal_cur&#039; class=&#039;evo_month_title padr10&#039;&gt; April, 2026&lt;\\\/p&gt;&quot;,&quot;arrows&quot;:&quot;&lt;p class=&#039;evo_arrows&#039;&gt;\\r\\n\\t\\t\\t\\t\\t&lt;span id=&#039;evcal_prev&#039; class=&#039;evcal_arrows evcal_btn_prev evodfx evofx_jc_c evofx_ai_c&#039; &gt;&lt;i class=&#039;fa fa-chevron-left&#039;&gt;&lt;\\\/i&gt;&lt;\\\/span&gt;\\r\\n\\t\\t\\t\\t\\t&lt;span id=&#039;evcal_next&#039; class=&#039;evcal_arrows evo_arrow_next evcal_btn_next evodfx evofx_jc_c evofx_ai_c&#039; &gt;&lt;i class=&#039;fa fa-chevron-right&#039;&gt;&lt;\\\/i&gt;&lt;\\\/span&gt;\\r\\n\\t\\t\\t\\t\\t&lt;\\\/p&gt;&quot;}\" data-od=\"{&quot;lang_no_events&quot;:&quot;No Events&quot;,&quot;cal_tz_offset&quot;:120,&quot;cal_tz&quot;:&quot;Europe\\\/Brussels&quot;}\" ><\/div>\r\n\t\t \t\t<div class='evo_cal_events' data-events=\"\"><\/div>\r\n\t\t \t<\/div>\r\n\t\t\t\t\r\n\t\t\t\r\n\t\t\t\t\t\t<\/div><!-- EventON End -->\r\n\t\t\t\n\n\n\n<p>&#8212;&#8212;&#8212;&#8212;&#8212;-<\/p>\n\n\n\n<p class=\"has-text-align-left\" style=\"font-size:22px\"><strong>Ons Junior Training Programma: <\/strong><\/p>\n\n\n\n<p class=\"has-text-align-left\">Wij houden de junioren het hele jaar door bezig met cricket: tijdens het seizoen van april tot en met september en in het laagseizoen van oktober tot en met maart. We hebben een team van zes coaches onder leiding van onze hoofdcoach Rohan. De kinderen worden op basis van hun niveau verdeeld in twee groepen: Initiatie en Gevorderden. Drie coaches besteden speciale aandacht aan de beginners. Het hele jaar door wordt het vaardigheidsniveau van elk kind gevolgd en wordt eraan gewerkt om hun vaardigheden te verbeteren.<\/p>\n\n\n\n<figure class=\"wp-block-image size-large\"><img loading=\"lazy\" decoding=\"async\" width=\"1024\" height=\"487\" src=\"\/wp-content\/uploads\/2021\/12\/PastedGraphic-1-1024x487.png\" alt=\"\" class=\"wp-image-960\" srcset=\"\/wp-content\/uploads\/2021\/12\/PastedGraphic-1-1024x487.png 1024w, \/wp-content\/uploads\/2021\/12\/PastedGraphic-1-300x143.png 300w, \/wp-content\/uploads\/2021\/12\/PastedGraphic-1-768x365.png 768w, \/wp-content\/uploads\/2021\/12\/PastedGraphic-1-1536x731.png 1536w, \/wp-content\/uploads\/2021\/12\/PastedGraphic-1.png 1702w\" sizes=\"auto, (max-width: 1024px) 100vw, 1024px\" \/><\/figure>\n\n\n\n<p class=\"has-text-align-left has-medium-font-size\">Ons jaarplan is als volgt:<\/p>\n\n\n\n<p class=\"has-text-align-left\" style=\"font-size:18px\"><strong>Indoor &#8211; buiten het seizoen &#8211; Oktober-Maart:<\/strong><\/p>\n\n\n\n<p class=\"has-text-align-left\">De Indoor training vind plaats in de Zaal &#8216;Van Oost&#8217;. Dit zal de juniors helpen hun techniek te verbeteren, zodat ze goed voorbereid zijn op het buitenseizoen.<\/p>\n\n\n\n<p class=\"has-text-align-left\"><br><strong>!!! Als u een sessie voor uw kind wil uitproberen, breng dan uw kind mee voor een proefles !!! <\/strong><\/p>\n\n\n\n<ul class=\"wp-block-list\">\n<li>Het eerste deel van de training start in oktober en duurt ongeveer 10 sessies tot eind december. We sluiten af \u200b\u200bmet een juniorentoernooi in de laatste sessie.<\/li>\n<\/ul>\n\n\n\n<ul class=\"wp-block-list\">\n<li>De training gaat verder met de tweede fase, die van januari tot eind maart loopt. We sluiten af \u200b\u200bmet een juniorentoernooi in de laatste sessie.<\/li>\n<\/ul>\n\n\n\n<p class=\"has-text-align-left\">\u2014> Eventuele extra trainingsdagen (tijdens de week) worden gecommuniceerd.<\/p>\n\n\n<div class=\"wp-block-image\">\n<figure class=\"aligncenter size-large is-resized\"><img loading=\"lazy\" decoding=\"async\" width=\"768\" height=\"1024\" src=\"\/wp-content\/uploads\/2021\/11\/junior-indoor-768x1024.jpeg\" alt=\"\" class=\"wp-image-934\" style=\"width:531px;height:707px\" srcset=\"\/wp-content\/uploads\/2021\/11\/junior-indoor-768x1024.jpeg 768w, \/wp-content\/uploads\/2021\/11\/junior-indoor-225x300.jpeg 225w, \/wp-content\/uploads\/2021\/11\/junior-indoor-1152x1536.jpeg 1152w, \/wp-content\/uploads\/2021\/11\/junior-indoor.jpeg 1440w\" sizes=\"auto, (max-width: 768px) 100vw, 768px\" \/><figcaption class=\"wp-element-caption\">Indoor training at VUB facility, Brussels<\/figcaption><\/figure>\n<\/div>\n\n\n<div class=\"wp-block-group\"><div class=\"wp-block-group__inner-container is-layout-flow wp-block-group-is-layout-flow\">\n<p class=\"has-text-align-left\" style=\"font-size:18px\"><strong>Outdoor &#8211; tijdens het seizoen the season &#8211; April-September: <\/strong><\/p>\n\n\n\n<p class=\"has-text-align-left\">Het buitenseizoen kent zowel trainingen als offici\u00eble wedstrijden met andere teams<\/p>\n<\/div><\/div>\n\n\n\n<ul class=\"wp-block-list\">\n<li>Training: De trainingen gaan nu buiten door, aangezien het weer beter wordt. We trainen de kinderen op een cricketveld in Wemmel van april tot eind september, elke zondag van 9.00 tot 12.00 uur. De actuele trainingsschema&#8217;s worden meegedeeld en bijgewerkt in de kalender.<\/li>\n<\/ul>\n\n\n\n<ul class=\"wp-block-list\">\n<li>Offici\u00eble wedstrijden: Ons juniorenteam neemt deel aan de Junior League met andere clubteams (de kalender wordt gepubliceerd in maart-april), georganiseerd door de Belgische Cricket Federatie onder toezicht van de ICC.<\/li>\n<\/ul>\n\n\n\n<p class=\"has-text-align-left\">\u2014> Alle details worden regelmatig gecommuniceerd in een WhatsApp-groep voor ouders: v\u00f3\u00f3r elke trainingscyclus, v\u00f3\u00f3r elke sessie enz<\/p>\n\n\n<div class=\"wp-block-image\">\n<figure class=\"aligncenter size-large is-resized\"><img loading=\"lazy\" decoding=\"async\" width=\"2560\" height=\"1920\" src=\"\/wp-content\/uploads\/2021\/11\/junior-outdoor-scaled.jpeg\" alt=\"\" class=\"wp-image-916\" style=\"width:528px;height:396px\" srcset=\"\/wp-content\/uploads\/2021\/11\/junior-outdoor-scaled.jpeg 2560w, \/wp-content\/uploads\/2021\/11\/junior-outdoor-300x225.jpeg 300w\" sizes=\"auto, (max-width: 2560px) 100vw, 2560px\" \/><figcaption class=\"wp-element-caption\">Outdoor League game 12 Stars Juniors vs Oostende Juniors<\/figcaption><\/figure>\n<\/div>\n\n\n<p>Voor meer details stuur een email naar 12starscc@gmail.com<\/p>\n\n\n\n<p><\/p>\n","protected":false},"excerpt":{"rendered":"<p>Junior training offered by 12 stars cricket club<\/p>\n","protected":false},"author":1,"featured_media":0,"parent":0,"menu_order":0,"comment_status":"closed","ping_status":"closed","template":"","meta":{"footnotes":""},"class_list":["post-896","page","type-page","status-publish","czr-hentry"],"_links":{"self":[{"href":"https:\/\/12starscricketclub.com\/nl\/wp-json\/wp\/v2\/pages\/896","targetHints":{"allow":["GET"]}}],"collection":[{"href":"https:\/\/12starscricketclub.com\/nl\/wp-json\/wp\/v2\/pages"}],"about":[{"href":"https:\/\/12starscricketclub.com\/nl\/wp-json\/wp\/v2\/types\/page"}],"author":[{"embeddable":true,"href":"https:\/\/12starscricketclub.com\/nl\/wp-json\/wp\/v2\/users\/1"}],"replies":[{"embeddable":true,"href":"https:\/\/12starscricketclub.com\/nl\/wp-json\/wp\/v2\/comments?post=896"}],"version-history":[{"count":6,"href":"https:\/\/12starscricketclub.com\/nl\/wp-json\/wp\/v2\/pages\/896\/revisions"}],"predecessor-version":[{"id":1997,"href":"https:\/\/12starscricketclub.com\/nl\/wp-json\/wp\/v2\/pages\/896\/revisions\/1997"}],"wp:attachment":[{"href":"https:\/\/12starscricketclub.com\/nl\/wp-json\/wp\/v2\/media?parent=896"}],"curies":[{"name":"wp","href":"https:\/\/api.w.org\/{rel}","templated":true}]}}